{"id":220,"date":"2015-03-09T10:34:11","date_gmt":"2015-03-09T10:34:11","guid":{"rendered":"http:\/\/demo.athemes.com\/sydney\/?page_id=8"},"modified":"2025-05-12T09:17:09","modified_gmt":"2025-05-12T07:17:09","slug":"nagelgenau-de-nagelstudio-kranenburg-kleve-roswitha-groesdonk","status":"publish","type":"page","link":"http:\/\/nagelgenau.de\/","title":{"rendered":"NagelGenau.de \u2022 Nagelstudio Kranenburg \/ Kleve \u2022 Roswitha Groesdonk"},"content":{"rendered":"<div id=\"pl-220\"  class=\"panel-layout\" ><div id=\"pg-220-0\"  class=\"panel-grid panel-has-style\" ><div style=\"padding: 100px 0; \" class=\"panel-row-style panel-row-style-for-220-0\" ><div id=\"pgc-220-0-0\"  class=\"panel-grid-cell\" ><div id=\"panel-220-0-0-0\" class=\"so-panel widget widget_perth_services_type_a perth_services_widget panel-first-child panel-last-child\" data-index=\"0\" >\t\t\t<h3 class=\"widget-title\">Professionelle Hand- &#038; Nagelkosmetik<\/h3>\t\t\t\t<div class=\"service-area\">\r\n\t\t\t\t\t\t\t\t\t\t\t\t\t\t\t\t\t\t\t\t\t\t\t\t\t\t\t\t\t<div class=\"service columns3\">\r\n\t\t\t\t\t\t\t\t\t\t\t\t\t\t\r\n\t\t\t\t\t\t\t<div class=\"svg-container service-icon-svg\">\r\n\t\t\t\t\t\t\t\t\n\t\t<svg xmlns=\"http:\/\/www.w3.org\/2000\/svg\" version=\"1.1\" viewBox=\"0 0 80 70\">\n\t\t\t<g transform=\"translate(0,-982.3622)\">\n\t\t\t\t<path d=\"m 41.863512,49.0007 -35.2397037,-2e-6 -17.6198503,-30.51848 17.6198533,-30.518478 35.2397037,2e-6 17.619851,30.518479 z\" transform=\"matrix(1.1191385,0,0,1.1284347,12.867983,996.50622)\"\/>\n\t\t\t<\/g>\n\t\t<\/svg>\n\t\t\t\t\t\t\t\t\t<span class=\"service-icon\">\r\n\t\t\t\t\t\t\t\t\t<i class=\"fa fa-heart\"><\/i>\t\t\t\t\t\t\t\t<\/span>\t\t\t\t\t\t\t\t\r\n\t\t\t\t\t\t\t<\/div>\t\t\t\t\t\t\t\t\t\t\r\n\t\t\t\t\t\t\t\t\t\t\t\t\t\t\r\n\t\t\t\t\t\t\t<div class=\"content\">\r\n\t\t\t\t\t\t\t\t<h4 class=\"service-title\">\r\n\t\t\t\t\t\t\t\t\t\t\t\t\t\t\t\t\tManik\u00fcre\t\t\t\t\t\t\t\t\t\t\t\t\t\t\t\t<\/h4>\r\n\t\t\t\t\t\t\t\t<p>Lassen Sie Ihre H\u00e4nde behandeln, wie eine K\u00f6nigin. Mit hochwertigen Pflegeprodukten biete ich Ihnen verschiedene Arten der Manik\u00fcre<\/p>\n\t\t\t\t\t\t\t<\/div>\t\r\n\t\t\t\t\t\t<\/div>\r\n\t\t\t\t\t\t\t\t\t\t\t\t\t\t\t\t\t\t\t\t\t\t\t\t\t\t\t\t\t<div class=\"service columns3\">\r\n\t\t\t\t\t\t\t\t\t\t\t\t\t\t\r\n\t\t\t\t\t\t\t<div class=\"svg-container service-icon-svg\">\r\n\t\t\t\t\t\t\t\t\n\t\t<svg xmlns=\"http:\/\/www.w3.org\/2000\/svg\" version=\"1.1\" viewBox=\"0 0 80 70\">\n\t\t\t<g transform=\"translate(0,-982.3622)\">\n\t\t\t\t<path d=\"m 41.863512,49.0007 -35.2397037,-2e-6 -17.6198503,-30.51848 17.6198533,-30.518478 35.2397037,2e-6 17.619851,30.518479 z\" transform=\"matrix(1.1191385,0,0,1.1284347,12.867983,996.50622)\"\/>\n\t\t\t<\/g>\n\t\t<\/svg>\n\t\t\t\t\t\t\t\t\t<span class=\"service-icon\">\r\n\t\t\t\t\t\t\t\t\t<i class=\"fa fa-smile-o\"><\/i>\t\t\t\t\t\t\t\t<\/span>\t\t\t\t\t\t\t\t\r\n\t\t\t\t\t\t\t<\/div>\t\t\t\t\t\t\t\t\t\t\r\n\t\t\t\t\t\t\t\t\t\t\t\t\t\t\r\n\t\t\t\t\t\t\t<div class=\"content\">\r\n\t\t\t\t\t\t\t\t<h4 class=\"service-title\">\r\n\t\t\t\t\t\t\t\t\t\t\t\t\t\t\t\t\tNagelmodellage\t\t\t\t\t\t\t\t\t\t\t\t\t\t\t\t<\/h4>\r\n\t\t\t\t\t\t\t\t<p>Entspannen Sie, w\u00e4hrend ich Ihre\u00a0Fingern\u00e4gel mithilfe der\u00a0Nagelmodellage\u00a0in einen formsch\u00f6nen\u00a0Gelnagel verwandle.<\/p>\n\t\t\t\t\t\t\t<\/div>\t\r\n\t\t\t\t\t\t<\/div>\r\n\t\t\t\t\t\t\t\t\t\t\t\t\t\t\t\t\t\t\t\t\t\t\t\t\t\t\t\t\t<div class=\"service columns3\">\r\n\t\t\t\t\t\t\t\t\t\t\t\t\t\t\r\n\t\t\t\t\t\t\t<div class=\"svg-container service-icon-svg\">\r\n\t\t\t\t\t\t\t\t\n\t\t<svg xmlns=\"http:\/\/www.w3.org\/2000\/svg\" version=\"1.1\" viewBox=\"0 0 80 70\">\n\t\t\t<g transform=\"translate(0,-982.3622)\">\n\t\t\t\t<path d=\"m 41.863512,49.0007 -35.2397037,-2e-6 -17.6198503,-30.51848 17.6198533,-30.518478 35.2397037,2e-6 17.619851,30.518479 z\" transform=\"matrix(1.1191385,0,0,1.1284347,12.867983,996.50622)\"\/>\n\t\t\t<\/g>\n\t\t<\/svg>\n\t\t\t\t\t\t\t\t\t<span class=\"service-icon\">\r\n\t\t\t\t\t\t\t\t\t<i class=\"fa fa-pencil\"><\/i>\t\t\t\t\t\t\t\t<\/span>\t\t\t\t\t\t\t\t\r\n\t\t\t\t\t\t\t<\/div>\t\t\t\t\t\t\t\t\t\t\r\n\t\t\t\t\t\t\t\t\t\t\t\t\t\t\r\n\t\t\t\t\t\t\t<div class=\"content\">\r\n\t\t\t\t\t\t\t\t<h4 class=\"service-title\">\r\n\t\t\t\t\t\t\t\t\t\t\t\t\t\t\t\t\tNailart\t\t\t\t\t\t\t\t\t\t\t\t\t\t\t\t<\/h4>\r\n\t\t\t\t\t\t\t\t<p>Dank\u00a0Premium-Produkten\u00a0und langj\u00e4hriger Nail-Art-Erfahrung werden Ihre Fingern\u00e4gel individuell und einzigartig gestylt.<\/p>\n\t\t\t\t\t\t\t<\/div>\t\r\n\t\t\t\t\t\t<\/div>\r\n\t\t\t\t\t\t\t\t\t<\/div>\t\r\n\r\n\t\t\t\t\t\t\t\t\r\n\t<\/div><\/div><\/div><\/div><div id=\"pg-220-1\"  class=\"panel-grid panel-has-style\" ><div style=\"padding: 100px 0; \" class=\"panel-row-style panel-row-style-for-220-1\" ><div id=\"pgc-220-1-0\"  class=\"panel-grid-cell\" >\r\n\t\t<div class=\"svg-container row-svg row-sep-b\" style=\"fill:#eaeaea\">\r\n\t\t\t<svg xmlns=\"http:\/\/www.w3.org\/2000\/svg\" version=\"1.1\" viewBox=\"0 0 100 100\" preserveAspectRatio=\"none\">\r\n\t\t\t\t<g transform=\"translate(0,-952.36218)\"><path d=\"m 0,1052.3622 100,0 0,-2 L 0,952.36218 z\" \/><\/g>\r\n  \t\t\t<\/svg>\r\n\t\t<\/div>\r\n\r\n\t<\/div><\/div><\/div><div id=\"pg-220-2\"  class=\"panel-grid panel-has-style\" ><div class=\"siteorigin-panels-stretch perth-stretch panel-row-style panel-row-style-for-220-2\" style=\"background-color: #eaeaea;padding: 0px 0; \" data-stretch-type=\"full\" ><div id=\"pgc-220-2-0\"  class=\"panel-grid-cell\" ><div id=\"panel-220-2-0-0\" class=\"so-panel widget widget_sow-editor panel-first-child panel-last-child\" data-index=\"2\" ><div\n\t\t\t\n\t\t\tclass=\"so-widget-sow-editor so-widget-sow-editor-base\"\n\t\t\t\n\t\t><h3 class=\"widget-title\">Seit 16 Jahren ...<\/h3>\n<div class=\"siteorigin-widget-tinymce textwidget\">\n\t<h3 style=\"text-align: center;\"><span class=\"Normal-C-C3\"><span style=\"font-family: Verdana; font-size: small;\">... gestalte ich in meinem Studio in Kranenburg bei angenehmer Atmosph\u00e4re die Fingern\u00e4gel meiner Kunden.<br \/>\u00dcberzeugen Sie sich selbst und vereinbaren Sie ein kostenloses Beratungsgespr\u00e4ch.<\/span><\/span><\/h3>\n<\/div>\n<\/div><\/div><\/div><\/div><\/div><div id=\"pg-220-3\"  class=\"panel-grid panel-has-style\" ><div class=\"siteorigin-panels-stretch perth-stretch panel-row-style panel-row-style-for-220-3\" style=\"background-color: #eaeaea;padding: 0px 0; \" data-stretch-type=\"full\" ><div id=\"pgc-220-3-0\"  class=\"panel-grid-cell\" ><div id=\"panel-220-3-0-0\" class=\"so-panel widget widget_siteorigin-panels-builder panel-first-child panel-last-child\" data-index=\"3\" ><div id=\"pl-w60a3ca7033c72\"  class=\"panel-layout\" ><div id=\"pg-w60a3ca7033c72-0\"  class=\"panel-grid panel-has-style\" ><div style=\"padding: 100px 0; \" class=\"panel-row-style panel-row-style-for-w60a3ca7033c72-0\" ><div id=\"pgc-w60a3ca7033c72-0-0\"  class=\"panel-grid-cell\" ><div id=\"panel-w60a3ca7033c72-0-0-0\" class=\"so-panel widget widget_sow-image panel-first-child panel-last-child\" data-index=\"0\" ><div class=\"panel-widget-style panel-widget-style-for-w60a3ca7033c72-0-0-0\" ><div\n\t\t\t\n\t\t\tclass=\"so-widget-sow-image so-widget-sow-image-default-8b5b6f678277\"\n\t\t\t\n\t\t>\n<div class=\"sow-image-container\">\n\t\t<img \n\tsrc=\"http:\/\/nagelgenau.de\/wp-content\/uploads\/2021\/05\/DSC3176-768x512.jpg\" width=\"768\" height=\"512\" srcset=\"http:\/\/nagelgenau.de\/wp-content\/uploads\/2021\/05\/DSC3176-768x512.jpg 768w, http:\/\/nagelgenau.de\/wp-content\/uploads\/2021\/05\/DSC3176-300x200.jpg 300w, http:\/\/nagelgenau.de\/wp-content\/uploads\/2021\/05\/DSC3176-1024x683.jpg 1024w, http:\/\/nagelgenau.de\/wp-content\/uploads\/2021\/05\/DSC3176-1536x1024.jpg 1536w, http:\/\/nagelgenau.de\/wp-content\/uploads\/2021\/05\/DSC3176-410x273.jpg 410w, http:\/\/nagelgenau.de\/wp-content\/uploads\/2021\/05\/DSC3176-100x67.jpg 100w, http:\/\/nagelgenau.de\/wp-content\/uploads\/2021\/05\/DSC3176-275x183.jpg 275w, http:\/\/nagelgenau.de\/wp-content\/uploads\/2021\/05\/DSC3176-272x182.jpg 272w, http:\/\/nagelgenau.de\/wp-content\/uploads\/2021\/05\/DSC3176.jpg 2048w\" sizes=\"(max-width: 768px) 100vw, 768px\" alt=\"\" loading=\"lazy\" \t\tclass=\"so-widget-image\"\/>\n\t<\/div>\n\n<\/div><\/div><\/div><\/div><\/div><\/div><\/div><\/div><\/div><div id=\"pgc-220-3-1\"  class=\"panel-grid-cell\" ><div id=\"panel-220-3-1-0\" class=\"so-panel widget widget_perth_employees perth_employees_widget panel-first-child panel-last-child\" data-index=\"4\" ><div class=\"panel-widget-style panel-widget-style-for-220-3-1-0\" >\r\n\t\t\r\n\t\t<div class=\"employee-area clearfix\">\r\n\t\t\t\t\t\t\t\t\t\t<div class=\"employee\">\r\n\t\t\t\t\t\t\t\t<div class=\"employee-photo\">\r\n\t\t\t\t\t<img width=\"410\" height=\"619\" src=\"http:\/\/nagelgenau.de\/wp-content\/uploads\/2015\/03\/IMG_7699-410x619.jpg\" class=\"attachment-perth-medium-thumb size-perth-medium-thumb wp-post-image\" alt=\"\" loading=\"lazy\" srcset=\"http:\/\/nagelgenau.de\/wp-content\/uploads\/2015\/03\/IMG_7699-410x619.jpg 410w, http:\/\/nagelgenau.de\/wp-content\/uploads\/2015\/03\/IMG_7699-199x300.jpg 199w, http:\/\/nagelgenau.de\/wp-content\/uploads\/2015\/03\/IMG_7699-768x1159.jpg 768w, http:\/\/nagelgenau.de\/wp-content\/uploads\/2015\/03\/IMG_7699-679x1024.jpg 679w, http:\/\/nagelgenau.de\/wp-content\/uploads\/2015\/03\/IMG_7699-100x151.jpg 100w, http:\/\/nagelgenau.de\/wp-content\/uploads\/2015\/03\/IMG_7699-275x415.jpg 275w, http:\/\/nagelgenau.de\/wp-content\/uploads\/2015\/03\/IMG_7699.jpg 1536w\" sizes=\"(max-width: 410px) 100vw, 410px\" \/>\t\t\t\t<\/div>\r\n\t\t\t\t\t\t\t\t<h4 class=\"employee-name\">\r\n\t\t\t        \t\t\t        \tRoswitha Groesdonk\t\t\t        \t\t\t\t\t\r\n\t\t\t\t<\/h4>\r\n\t\t\t\t<div class=\"employee-position\"><\/div>\t\t\t\t\t\t\t\t\r\n\t\t\t\t<div class=\"employee-social\">\r\n\t\t\t\t\t\t\t\t\t\t<div class=\"svg-container employee-svg\">\r\n\t\t\t\t\t\t\n\t\t<svg xmlns=\"http:\/\/www.w3.org\/2000\/svg\" version=\"1.1\" viewBox=\"0 0 80 70\">\n\t\t\t<g transform=\"translate(0,-982.3622)\">\n\t\t\t\t<path d=\"m 41.863512,49.0007 -35.2397037,-2e-6 -17.6198503,-30.51848 17.6198533,-30.518478 35.2397037,2e-6 17.619851,30.518479 z\" transform=\"matrix(1.1191385,0,0,1.1284347,12.867983,996.50622)\"\/>\n\t\t\t<\/g>\n\t\t<\/svg>\n\t\t\t\t\t\t\t<a class=\"facebook\" href=\"http:\/\/facebook.com\/nagelgenau\" target=\"_blank\"><i class=\"fa fa-facebook\"><\/i><\/a>\r\n\t\t\t\t\t<\/div>\t\r\n\t\t\t\t\t\t\t\t\t\t\t\t\t\t\t\t\t\t\t<\/div>\r\n\t\t\t<\/div>\r\n\r\n\t\t\t\t\t<\/div>\r\n\r\n\t\t\t\r\n\t\r\n\t<\/div><\/div><\/div><\/div><\/div><div id=\"pg-220-4\"  class=\"panel-grid panel-has-style\" ><div style=\"padding: 100px 0; \" class=\"panel-row-style panel-row-style-for-220-4\" ><div id=\"pgc-220-4-0\"  class=\"panel-grid-cell\" >\r\n\t\t<div class=\"svg-container row-svg row-separator\" style=\"fill:#eaeaea\">\r\n\t\t\t<svg xmlns=\"http:\/\/www.w3.org\/2000\/svg\" version=\"1.1\" viewBox=\"0 0 100 100\" preserveAspectRatio=\"none\">\r\n\t\t\t\t<path d=\"M0 0 L100 0 L100 2 L0 100 Z\"><\/path>\r\n\t\t\t<\/svg>\r\n\t\t<\/div>\r\n\r\n\r\n\t<\/div><\/div><\/div><div id=\"pg-220-5\"  class=\"panel-grid panel-has-style\" ><div style=\"padding: 100px 0; \" class=\"panel-row-style panel-row-style-for-220-5\" ><div id=\"pgc-220-5-0\"  class=\"panel-grid-cell\" >\r\n\t\t<div class=\"svg-container row-svg row-separator\" style=\"fill:#eaeaea\">\r\n\t\t\t<svg xmlns=\"http:\/\/www.w3.org\/2000\/svg\" version=\"1.1\" viewBox=\"0 0 100 100\" preserveAspectRatio=\"none\">\r\n\t\t\t\t<path d=\"M0 0 L100 0 L100 2 L0 100 Z\"><\/path>\r\n\t\t\t<\/svg>\r\n\t\t<\/div>\r\n\r\n\r\n\t<\/div><\/div><\/div><div id=\"pg-220-6\"  class=\"panel-grid panel-has-style\" ><div style=\"padding: 100px 0; \" class=\"panel-row-style panel-row-style-for-220-6\" ><div id=\"pgc-220-6-0\"  class=\"panel-grid-cell\" ><div id=\"panel-220-6-0-0\" class=\"so-panel widget widget_sow-editor panel-first-child panel-last-child\" data-index=\"7\" ><div id=\"Preisliste\" class=\"panel-widget-style panel-widget-style-for-220-6-0-0\" ><div\n\t\t\t\n\t\t\tclass=\"so-widget-sow-editor so-widget-sow-editor-base\"\n\t\t\t\n\t\t><h3 class=\"widget-title\">Preisliste<\/h3>\n<div class=\"siteorigin-widget-tinymce textwidget\">\n\t<p style=\"text-align: center;\"><a id=\"preisliste\"><\/a>\n<table id=\"tablepress-1\" class=\"tablepress tablepress-id-1\">\n<thead>\n<tr class=\"row-1\">\n\t<th class=\"column-1\">Behandlung \/ Produkt<\/th><th class=\"column-2\">Preis<\/th>\n<\/tr>\n<\/thead>\n<tbody class=\"row-hover\">\n<tr class=\"row-2\">\n\t<td class=\"column-1\">Naturnagelmodellage mit Gel<\/td><td class=\"column-2\">42 \u20ac<\/td>\n<\/tr>\n<tr class=\"row-3\">\n\t<td class=\"column-1\">Verl\u00e4ngerung<\/td><td class=\"column-2\">10 \u20ac<\/td>\n<\/tr>\n<tr class=\"row-4\">\n\t<td class=\"column-1\">Naturnagelmodellage mit French<br \/>\n(wei\u00dfe\/farbige Gestaltung der Nagelspitze)<\/td><td class=\"column-2\">47 \u20ac<\/td>\n<\/tr>\n<tr class=\"row-5\">\n\t<td class=\"column-1\">Naturnagelmodellage mit Fullcover-Look<br \/>\n(Vollst\u00e4ndig mit Farbe bedeckt)<\/td><td class=\"column-2\">52 \u20ac<\/td>\n<\/tr>\n<tr class=\"row-6\">\n\t<td class=\"column-1\">Entfernung der Modellage<\/td><td class=\"column-2\">25 \u20ac<\/td>\n<\/tr>\n<tr class=\"row-7\">\n\t<td class=\"column-1\">Nagelreparatur aus Fremdstudio<\/td><td class=\"column-2\">10 \u20ac<\/td>\n<\/tr>\n<tr class=\"row-8\">\n\t<td class=\"column-1\">Nagelreparatur f\u00fcr Kunden<\/td><td class=\"column-2\">0 \u20ac<\/td>\n<\/tr>\n<tr class=\"row-9\">\n\t<td class=\"column-1\">Nailart<\/td><td class=\"column-2\">ab 0,50 \u20ac<\/td>\n<\/tr>\n<tr class=\"row-10\">\n\t<td class=\"column-1\">Manik\u00fcre<\/td><td class=\"column-2\">16 \u20ac<\/td>\n<\/tr>\n<tr class=\"row-11\">\n\t<td class=\"column-1\">Lackieren<\/td><td class=\"column-2\">5 \u20ac<\/td>\n<\/tr>\n<\/tbody>\n<\/table>\n<!-- #tablepress-1 from cache --><\/p>\n<p style=\"text-align: center;\">Nat\u00fcrlich biete Ich Ihnen w\u00e4hrend der Behandlung kostenlose warme\u00a0oder kalte Getr\u00e4nke. <i class=\"fa fa-coffee\" aria-hidden=\"true\"><\/i><\/p>\n<p style=\"text-align: center;\"><i class=\"fa fa-heart-o\" aria-hidden=\"true\"><\/i> So k\u00f6nnen Sie sich ganz auf Ihre N\u00e4gel &amp; Entspannung konzentrieren...<\/p>\n<\/div>\n<\/div><\/div><\/div><\/div><\/div><\/div><div id=\"pg-220-7\"  class=\"panel-grid panel-has-style\" ><div style=\"padding: 100px 0; \" class=\"panel-row-style panel-row-style-for-220-7\" ><div id=\"pgc-220-7-0\"  class=\"panel-grid-cell\" >\r\n\t\t<div class=\"svg-container row-svg row-separator\" style=\"fill:#fff\">\r\n\t\t\t<svg xmlns=\"http:\/\/www.w3.org\/2000\/svg\" version=\"1.1\" viewBox=\"0 0 100 100\" preserveAspectRatio=\"none\">\r\n\t\t\t\t<path d=\"M0 0 L100 0 L100 2 L0 100 Z\"><\/path>\r\n\t\t\t<\/svg>\r\n\t\t<\/div>\r\n\r\n\r\n\t<\/div><\/div><\/div><div id=\"pg-220-8\"  class=\"panel-grid panel-has-style\" ><div class=\"siteorigin-panels-stretch perth-stretch panel-row-style panel-row-style-for-220-8\" style=\"background-color: #eaeaea;padding: 100px 0; \" data-stretch-type=\"full\" ><div id=\"pgc-220-8-0\"  class=\"panel-grid-cell\" ><div id=\"panel-220-8-0-0\" class=\"so-panel widget widget_sow-editor panel-first-child panel-last-child\" data-index=\"9\" ><div\n\t\t\t\n\t\t\tclass=\"so-widget-sow-editor so-widget-sow-editor-base\"\n\t\t\t\n\t\t><h3 class=\"widget-title\">Leistungen \/ Bildergallerie<\/h3>\n<div class=\"siteorigin-widget-tinymce textwidget\">\n\t<p><a id=\"Bilder\"><\/a><\/p>\n<\/div>\n<\/div><\/div><\/div><\/div><\/div><div id=\"pg-220-9\"  class=\"panel-grid panel-has-style\" ><div class=\"siteorigin-panels-stretch parallaxBg perth-stretch panel-row-style panel-row-style-for-220-9\" style=\"color: #ffffff;background-image: url(http:\/\/nagelgenau.de\/wp-content\/uploads\/2015\/06\/book-731199_1280.jpg);padding: 30px 0; \" data-stretch-type=\"full\" data-hascolor=\"hascolor\" data-hasbg=\"hasbg\" ><div id=\"pgc-220-9-0\"  class=\"panel-grid-cell\" ><div id=\"panel-220-9-0-0\" class=\"so-panel widget widget_perth_testimonials perth_testimonials_widget panel-first-child panel-last-child\" data-index=\"10\" >\t\t\t\t\t\t<div class=\"testimonials-area\">\r\n\t\t\t\t\t\t\t\t\t                \t<div class=\"customer\">\r\n                     \t<blockquote class=\"whisper\"><p>Sinds 10 jaar laat ik mijn nagels manicuren bij Nagelgenau van Roswitha Groesdonk. Roswitha werkt zeer vakkundig en het is ook nog eens heel gezellig tijdens de behandeling. Ze gebruikt goede producten en geeft goede adviezen. Kortom al 10 jaar een zeer tevreden klant en dat zal zo nog wel blijven ook.<\/p>\n<\/blockquote>                               \r\n                      \t                      \t<div class=\"avatar\">\r\n                        \t<img width=\"100\" height=\"119\" src=\"http:\/\/nagelgenau.de\/wp-content\/uploads\/2017\/08\/bild-bewertung-100x119.jpg\" class=\"attachment-perth-small-thumb size-perth-small-thumb wp-post-image\" alt=\"\" loading=\"lazy\" srcset=\"http:\/\/nagelgenau.de\/wp-content\/uploads\/2017\/08\/bild-bewertung-100x119.jpg 100w, http:\/\/nagelgenau.de\/wp-content\/uploads\/2017\/08\/bild-bewertung-253x300.jpg 253w, http:\/\/nagelgenau.de\/wp-content\/uploads\/2017\/08\/bild-bewertung-768x912.jpg 768w, http:\/\/nagelgenau.de\/wp-content\/uploads\/2017\/08\/bild-bewertung-863x1024.jpg 863w, http:\/\/nagelgenau.de\/wp-content\/uploads\/2017\/08\/bild-bewertung-410x487.jpg 410w, http:\/\/nagelgenau.de\/wp-content\/uploads\/2017\/08\/bild-bewertung-275x326.jpg 275w, http:\/\/nagelgenau.de\/wp-content\/uploads\/2017\/08\/bild-bewertung.jpg 871w\" sizes=\"(max-width: 100px) 100vw, 100px\" \/>                        <\/div>\r\n                                                        \r\n                        <div class=\"client-name\">\r\n                            <h4>Angelique Evers<\/h4>\r\n                            <span><\/span>\r\n                        <\/div>\r\n             \t\t<\/div>\r\n\t\t\t\t\t\t\t\t\t                \t<div class=\"customer\">\r\n                     \t<blockquote class=\"whisper\"><p>Ich bin seit 11 Jahren treue Stammkundin und kann nur Positives berichten.<br \/>\nEin sehr sauberes und ordentliches Nagelstudio in dem man sich wohlf\u00fchlen kann.<br \/>\nIch freue mich jedes Mal auf meinen Termin, und auf ein sch\u00f6nes Ergebnis.<\/p>\n<\/blockquote>                               \r\n                      \t                      \t<div class=\"avatar\">\r\n                        \t<img width=\"100\" height=\"100\" src=\"http:\/\/nagelgenau.de\/wp-content\/uploads\/2015\/03\/ramona-100x100.jpg\" class=\"attachment-perth-small-thumb size-perth-small-thumb wp-post-image\" alt=\"\" loading=\"lazy\" srcset=\"http:\/\/nagelgenau.de\/wp-content\/uploads\/2015\/03\/ramona-100x100.jpg 100w, http:\/\/nagelgenau.de\/wp-content\/uploads\/2015\/03\/ramona-150x150.jpg 150w, http:\/\/nagelgenau.de\/wp-content\/uploads\/2015\/03\/ramona-300x300.jpg 300w, http:\/\/nagelgenau.de\/wp-content\/uploads\/2015\/03\/ramona-410x410.jpg 410w, http:\/\/nagelgenau.de\/wp-content\/uploads\/2015\/03\/ramona-275x275.jpg 275w, http:\/\/nagelgenau.de\/wp-content\/uploads\/2015\/03\/ramona.jpg 640w\" sizes=\"(max-width: 100px) 100vw, 100px\" \/>                        <\/div>\r\n                                                        \r\n                        <div class=\"client-name\">\r\n                            <h4>Ramona Gertzen<\/h4>\r\n                            <span><\/span>\r\n                        <\/div>\r\n             \t\t<\/div>\r\n\t\t\t\t\t\t\t\t\t                \t<div class=\"customer\">\r\n                     \t<blockquote class=\"whisper\"><p>Seit vielen Jahren ist Roswitha Groesdonk meine &#8222;Nageltante des Vertrauens&#8220; ?<br \/>\nIch trage meine N\u00e4gel kurz und einfarbig. Sehr schlicht, aber es sieht immer toll und gepflegt aus. Ich bin immer sehr zufrieden mit dem Ergebnis und empfehle weiter ?<\/p>\n<\/blockquote>                               \r\n                      \t                      \t<div class=\"avatar\">\r\n                        \t<img width=\"100\" height=\"147\" src=\"http:\/\/nagelgenau.de\/wp-content\/uploads\/2015\/03\/meike-e1501683448677-100x147.jpg\" class=\"attachment-perth-small-thumb size-perth-small-thumb wp-post-image\" alt=\"\" loading=\"lazy\" srcset=\"http:\/\/nagelgenau.de\/wp-content\/uploads\/2015\/03\/meike-e1501683448677-100x147.jpg 100w, http:\/\/nagelgenau.de\/wp-content\/uploads\/2015\/03\/meike-e1501683448677-204x300.jpg 204w, http:\/\/nagelgenau.de\/wp-content\/uploads\/2015\/03\/meike-e1501683448677-275x405.jpg 275w, http:\/\/nagelgenau.de\/wp-content\/uploads\/2015\/03\/meike-e1501683448677.jpg 400w\" sizes=\"(max-width: 100px) 100vw, 100px\" \/>                        <\/div>\r\n                                                        \r\n                        <div class=\"client-name\">\r\n                            <h4>Meike Lange<\/h4>\r\n                            <span><\/span>\r\n                        <\/div>\r\n             \t\t<\/div>\r\n\t\t\t\t\t\t\t<\/div>\r\n\r\n\t\t\t\t\r\n\r\n\t<\/div><\/div><\/div><\/div><div id=\"pg-220-10\"  class=\"panel-grid panel-has-style\" ><div style=\"padding: 100px 0; \" class=\"panel-row-style panel-row-style-for-220-10\" ><div id=\"pgc-220-10-0\"  class=\"panel-grid-cell\" >\r\n\t\t<div class=\"svg-container row-svg row-sep-b\" style=\"fill:#fff\">\r\n\t\t\t<svg xmlns=\"http:\/\/www.w3.org\/2000\/svg\" version=\"1.1\" viewBox=\"0 0 100 100\" preserveAspectRatio=\"none\">\r\n\t\t\t\t<g transform=\"translate(0,-952.36218)\"><path d=\"m 0,1052.3622 100,0 0,-2 L 0,952.36218 z\" \/><\/g>\r\n  \t\t\t<\/svg>\r\n\t\t<\/div>\r\n\r\n\t<\/div><\/div><\/div><div id=\"pg-220-11\"  class=\"panel-grid panel-has-style\" ><div class=\"siteorigin-panels-stretch perth-stretch panel-row-style panel-row-style-for-220-11\" style=\"padding: 30px 0; \" data-stretch-type=\"full-stretched\" ><div id=\"pgc-220-11-0\"  class=\"panel-grid-cell\" ><div id=\"panel-220-11-0-0\" class=\"so-panel widget widget_sow-editor panel-first-child panel-last-child\" data-index=\"12\" ><div\n\t\t\t\n\t\t\tclass=\"so-widget-sow-editor so-widget-sow-editor-base\"\n\t\t\t\n\t\t><h3 class=\"widget-title\">Adresse<\/h3>\n<div class=\"siteorigin-widget-tinymce textwidget\">\n\t<p style=\"text-align: center;\">Roswitha Groesdonk<br \/>\nGalgensteeg 2<br \/>\n47559 Kranenburg<br \/>\nTel.: 0152 55667790<br \/>\ninfo@nagelgenau.de<\/p>\n<\/div>\n<\/div><\/div><\/div><div id=\"pgc-220-11-1\"  class=\"panel-grid-cell\" ><div id=\"panel-220-11-1-0\" class=\"so-panel widget panel-first-child panel-last-child\" data-index=\"13\" ><\/div><\/div><div id=\"pgc-220-11-2\"  class=\"panel-grid-cell\" ><div id=\"panel-220-11-2-0\" class=\"so-panel widget widget_fp_social panel-first-child panel-last-child\" data-index=\"14\" >\t\t<h3 class=\"widget-title\">Social Media<\/h3>\t\t\t\t<div class=\"menu-social-container\"><ul id=\"menu-social\" class=\"menu social-menu-widget clearfix\"><li id=\"menu-item-326\" class=\"menu-item menu-item-type-custom menu-item-object-custom menu-item-326\"><a target=\"_blank\" rel=\"noopener\" href=\"http:\/\/facebook.com\/NagelGenau\"><span class=\"screen-reader-text\">NagelGenau<\/span><\/a><\/li>\n<li id=\"menu-item-321\" class=\"menu-item menu-item-type-custom menu-item-object-custom menu-item-321\"><a href=\"http:\/\/instagram.com\"><span class=\"screen-reader-text\">Instagram<\/span><\/a><\/li>\n<\/ul><\/div>\t\r\n\t\t<\/div><\/div><\/div><\/div><\/div>","protected":false},"excerpt":{"rendered":"<p>Seit 16 Jahren &#8230; &#8230; gestalte ich in meinem Studio in Kranenburg bei angenehmer Atmosph\u00e4re die Fingern\u00e4gel meiner Kunden.\u00dcberzeugen Sie sich selbst und vereinbaren Sie ein kostenloses Beratungsgespr\u00e4ch. Preisliste Nat\u00fcrlich biete Ich Ihnen w\u00e4hrend der Behandlung kostenlose warme\u00a0oder kalte Getr\u00e4nke. So k\u00f6nnen Sie sich ganz auf Ihre N\u00e4gel &amp; Entspannung konzentrieren&#8230; Leistungen \/ Bildergallerie Adresse [&hellip;]<\/p>\n","protected":false},"author":1,"featured_media":0,"parent":0,"menu_order":0,"comment_status":"open","ping_status":"open","template":"page-templates\/page_front-page.php","meta":[],"_links":{"self":[{"href":"http:\/\/nagelgenau.de\/index.php?rest_route=\/wp\/v2\/pages\/220"}],"collection":[{"href":"http:\/\/nagelgenau.de\/index.php?rest_route=\/wp\/v2\/pages"}],"about":[{"href":"http:\/\/nagelgenau.de\/index.php?rest_route=\/wp\/v2\/types\/page"}],"author":[{"embeddable":true,"href":"http:\/\/nagelgenau.de\/index.php?rest_route=\/wp\/v2\/users\/1"}],"replies":[{"embeddable":true,"href":"http:\/\/nagelgenau.de\/index.php?rest_route=%2Fwp%2Fv2%2Fcomments&post=220"}],"version-history":[{"count":10,"href":"http:\/\/nagelgenau.de\/index.php?rest_route=\/wp\/v2\/pages\/220\/revisions"}],"predecessor-version":[{"id":801,"href":"http:\/\/nagelgenau.de\/index.php?rest_route=\/wp\/v2\/pages\/220\/revisions\/801"}],"wp:attachment":[{"href":"http:\/\/nagelgenau.de\/index.php?rest_route=%2Fwp%2Fv2%2Fmedia&parent=220"}],"curies":[{"name":"wp","href":"https:\/\/api.w.org\/{rel}","templated":true}]}}